{"id":4938,"date":"2024-01-25T09:02:26","date_gmt":"2024-01-25T08:02:26","guid":{"rendered":"https:\/\/kks.tinydevbox.org\/?page_id=4938"},"modified":"2024-11-14T10:53:45","modified_gmt":"2024-11-14T09:53:45","slug":"beratung2","status":"publish","type":"page","link":"https:\/\/www.kks-aachen.de\/nl\/leben\/beratung2\/","title":{"rendered":"Beratung"},"content":{"rendered":"","protected":false},"excerpt":{"rendered":"","protected":false},"author":6,"featured_media":2650,"parent":18,"menu_order":3,"comment_status":"closed","ping_status":"closed","template":"","meta":{"_searchwp_excluded":"","inline_featured_image":false,"footnotes":""},"acf":[],"yoast_head":"<!-- This site is optimized with the Yoast SEO plugin v21.9.1 - https:\/\/yoast.com\/wordpress\/plugins\/seo\/ -->\n<title>Beratung - KKS Aachen<\/title>\n<meta name=\"description\" content=\"K\u00e4the Kollwitz Schule Aachen, Beratung, Unterst\u00fctzung, Sch\u00fcler, Sch\u00fclerinnen, Studierende, Hilfe, Telefonhotline\" \/>\n<meta name=\"robots\" content=\"index, follow, max-snippet:-1, max-image-preview:large, max-video-preview:-1\" \/>\n<link rel=\"canonical\" href=\"https:\/\/www.kks-aachen.de\/nl\/leben\/beratung2\/\" \/>\n<meta property=\"og:locale\" content=\"nl_NL\" \/>\n<meta property=\"og:type\" content=\"article\" \/>\n<meta property=\"og:title\" content=\"Beratung - KKS Aachen\" \/>\n<meta property=\"og:description\" content=\"K\u00e4the Kollwitz Schule Aachen, Beratung, Unterst\u00fctzung, Sch\u00fcler, Sch\u00fclerinnen, Studierende, Hilfe, Telefonhotline\" \/>\n<meta property=\"og:url\" content=\"https:\/\/www.kks-aachen.de\/nl\/leben\/beratung2\/\" \/>\n<meta property=\"og:site_name\" content=\"KKS Aachen\" \/>\n<meta property=\"article:modified_time\" content=\"2024-11-14T09:53:45+00:00\" \/>\n<meta property=\"og:image\" content=\"https:\/\/www.kks-aachen.de\/app\/uploads\/2022\/07\/1beratung_kks_gross.jpg\" \/>\n\t<meta property=\"og:image:width\" content=\"2560\" \/>\n\t<meta property=\"og:image:height\" content=\"1038\" \/>\n\t<meta property=\"og:image:type\" content=\"image\/jpeg\" \/>\n<meta name=\"twitter:card\" content=\"summary_large_image\" \/>\n<meta name=\"twitter:label1\" content=\"Est. reading time\" \/>\n\t<meta name=\"twitter:data1\" content=\"1 minute\" \/>\n<script type=\"application\/ld+json\" class=\"yoast-schema-graph\">{\"@context\":\"https:\/\/schema.org\",\"@graph\":[{\"@type\":\"WebPage\",\"@id\":\"https:\/\/www.kks-aachen.de\/nl\/leben\/beratung2\/\",\"url\":\"https:\/\/www.kks-aachen.de\/nl\/leben\/beratung2\/\",\"name\":\"Beratung - KKS Aachen\",\"isPartOf\":{\"@id\":\"https:\/\/www.kks-aachen.de\/nl\/#website\"},\"datePublished\":\"2024-01-25T08:02:26+00:00\",\"dateModified\":\"2024-11-14T09:53:45+00:00\",\"description\":\"K\u00e4the Kollwitz Schule Aachen, Beratung, Unterst\u00fctzung, Sch\u00fcler, Sch\u00fclerinnen, Studierende, Hilfe, Telefonhotline\",\"breadcrumb\":{\"@id\":\"https:\/\/www.kks-aachen.de\/nl\/leben\/beratung2\/#breadcrumb\"},\"inLanguage\":\"nl-NL\",\"potentialAction\":[{\"@type\":\"ReadAction\",\"target\":[\"https:\/\/www.kks-aachen.de\/nl\/leben\/beratung2\/\"]}]},{\"@type\":\"BreadcrumbList\",\"@id\":\"https:\/\/www.kks-aachen.de\/nl\/leben\/beratung2\/#breadcrumb\",\"itemListElement\":[{\"@type\":\"ListItem\",\"position\":1,\"name\":\"Leben\",\"item\":\"https:\/\/www.kks-aachen.de\/nl\/leben\/\"},{\"@type\":\"ListItem\",\"position\":2,\"name\":\"Beratung\"}]},{\"@type\":\"WebSite\",\"@id\":\"https:\/\/www.kks-aachen.de\/nl\/#website\",\"url\":\"https:\/\/www.kks-aachen.de\/nl\/\",\"name\":\"KKS Aachen\",\"description\":\"Wir. Leben. Schule.\",\"potentialAction\":[{\"@type\":\"SearchAction\",\"target\":{\"@type\":\"EntryPoint\",\"urlTemplate\":\"https:\/\/www.kks-aachen.de\/nl\/?s={search_term_string}\"},\"query-input\":\"required name=search_term_string\"}],\"inLanguage\":\"nl-NL\"}]}<\/script>\n<!-- \/ Yoast SEO plugin. -->","yoast_head_json":{"title":"Beratung - KKS Aachen","description":"K\u00e4the Kollwitz Schule Aachen, Beratung, Unterst\u00fctzung, Sch\u00fcler, Sch\u00fclerinnen, Studierende, Hilfe, Telefonhotline","robots":{"index":"index","follow":"follow","max-snippet":"max-snippet:-1","max-image-preview":"max-image-preview:large","max-video-preview":"max-video-preview:-1"},"canonical":"https:\/\/www.kks-aachen.de\/nl\/leben\/beratung2\/","og_locale":"nl_NL","og_type":"article","og_title":"Beratung - KKS Aachen","og_description":"K\u00e4the Kollwitz Schule Aachen, Beratung, Unterst\u00fctzung, Sch\u00fcler, Sch\u00fclerinnen, Studierende, Hilfe, Telefonhotline","og_url":"https:\/\/www.kks-aachen.de\/nl\/leben\/beratung2\/","og_site_name":"KKS Aachen","article_modified_time":"2024-11-14T09:53:45+00:00","og_image":[{"width":2560,"height":1038,"url":"https:\/\/www.kks-aachen.de\/app\/uploads\/2022\/07\/1beratung_kks_gross.jpg","type":"image\/jpeg"}],"twitter_card":"summary_large_image","twitter_misc":{"Est. reading time":"1 minute"},"schema":{"@context":"https:\/\/schema.org","@graph":[{"@type":"WebPage","@id":"https:\/\/www.kks-aachen.de\/nl\/leben\/beratung2\/","url":"https:\/\/www.kks-aachen.de\/nl\/leben\/beratung2\/","name":"Beratung - KKS Aachen","isPartOf":{"@id":"https:\/\/www.kks-aachen.de\/nl\/#website"},"datePublished":"2024-01-25T08:02:26+00:00","dateModified":"2024-11-14T09:53:45+00:00","description":"K\u00e4the Kollwitz Schule Aachen, Beratung, Unterst\u00fctzung, Sch\u00fcler, Sch\u00fclerinnen, Studierende, Hilfe, Telefonhotline","breadcrumb":{"@id":"https:\/\/www.kks-aachen.de\/nl\/leben\/beratung2\/#breadcrumb"},"inLanguage":"nl-NL","potentialAction":[{"@type":"ReadAction","target":["https:\/\/www.kks-aachen.de\/nl\/leben\/beratung2\/"]}]},{"@type":"BreadcrumbList","@id":"https:\/\/www.kks-aachen.de\/nl\/leben\/beratung2\/#breadcrumb","itemListElement":[{"@type":"ListItem","position":1,"name":"Leben","item":"https:\/\/www.kks-aachen.de\/nl\/leben\/"},{"@type":"ListItem","position":2,"name":"Beratung"}]},{"@type":"WebSite","@id":"https:\/\/www.kks-aachen.de\/nl\/#website","url":"https:\/\/www.kks-aachen.de\/nl\/","name":"KKS Aachen","description":"Wir. Leben. Schule.","potentialAction":[{"@type":"SearchAction","target":{"@type":"EntryPoint","urlTemplate":"https:\/\/www.kks-aachen.de\/nl\/?s={search_term_string}"},"query-input":"required name=search_term_string"}],"inLanguage":"nl-NL"}]}},"publishpress_future_action":{"enabled":false,"date":"2026-04-21 09:42:55","action":"draft","terms":[],"taxonomy":"translation_priority"},"_links":{"self":[{"href":"https:\/\/www.kks-aachen.de\/nl\/wp-json\/wp\/v2\/pages\/4938"}],"collection":[{"href":"https:\/\/www.kks-aachen.de\/nl\/wp-json\/wp\/v2\/pages"}],"about":[{"href":"https:\/\/www.kks-aachen.de\/nl\/wp-json\/wp\/v2\/types\/page"}],"author":[{"embeddable":true,"href":"https:\/\/www.kks-aachen.de\/nl\/wp-json\/wp\/v2\/users\/6"}],"replies":[{"embeddable":true,"href":"https:\/\/www.kks-aachen.de\/nl\/wp-json\/wp\/v2\/comments?post=4938"}],"version-history":[{"count":15,"href":"https:\/\/www.kks-aachen.de\/nl\/wp-json\/wp\/v2\/pages\/4938\/revisions"}],"predecessor-version":[{"id":6609,"href":"https:\/\/www.kks-aachen.de\/nl\/wp-json\/wp\/v2\/pages\/4938\/revisions\/6609"}],"up":[{"embeddable":true,"href":"https:\/\/www.kks-aachen.de\/nl\/wp-json\/wp\/v2\/pages\/18"}],"wp:featuredmedia":[{"embeddable":true,"href":"https:\/\/www.kks-aachen.de\/nl\/wp-json\/wp\/v2\/media\/2650"}],"wp:attachment":[{"href":"https:\/\/www.kks-aachen.de\/nl\/wp-json\/wp\/v2\/media?parent=4938"}],"curies":[{"name":"wp","href":"https:\/\/api.w.org\/{rel}","templated":true}]}}